{"id":11,"date":"2018-08-18T23:41:56","date_gmt":"2018-08-18T23:41:56","guid":{"rendered":"https:\/\/epilotos.com\/site\/?page_id=11"},"modified":"2018-08-26T20:59:43","modified_gmt":"2018-08-26T20:59:43","slug":"sobre","status":"publish","type":"page","link":"https:\/\/epilotos.com\/site\/sobre\/","title":{"rendered":"Quem somos"},"content":{"rendered":"<p>A Liga de e-Sports ePilotos, surgiu da ideia de juntar toda a experi\u00eancia adquirida por nosso fundador e seus codiretores em uma \u00fanica plataforma onde o foco seria o profissionalismo e divers\u00e3o em competir. <br \/>Feita por pilotos para pilotos, nos esfor\u00e7amos para preencher algumas necessidades b\u00e1sicas dos atletas virtuais, como j\u00e1 vivenciamos in\u00fameras situa\u00e7\u00f5es positivas e negativas \u00a0o ponta p\u00e9 inicial foi a vontade de juntar tudo isso e aplicar em um s\u00f3 lugar da melhor forma possivel . <br \/><br \/><\/p>\n<p>Com experi\u00eancia de 6 anos no ramo de e-Sports nosso fundador Rodolfo Tomaz reuniu um grupo de pilotos virtuais conhecidos no ramo al\u00e9m de um excelente profissional de cria\u00e7\u00e3o digital, e juntos pegaram o que h\u00e1 de melhor, tanto em quest\u00e3o de transmiss\u00e3o quanto na quest\u00e3o de organiza\u00e7\u00e3o. Temos a proposta de oferecer a nossos membros um \u00fanico ambiente onde ele possa encontrar n\u00e3o s\u00f3 in\u00fameros eventos para competir, como uma imensa comunidade de pilotos virtuais. <br \/>Com o foco nos pilotos e principalmente suas equipes, idealizamos diversos campeonatos ,come\u00e7ando desde aqueles focados unicamente na divers\u00e3o \u00a0e chegando a eventos onde somente os melhores do ranking s\u00e3o convidados. <br \/><br \/>Temos algumas exclusividades que nos destacam de outras ligas, como:<br \/>Nosso exclusivo sistema de assinaturas, onde os ePilotos pagam uma pequena quantia mensal e tem acesso a campeonatos di\u00e1rios, concorrendo a in\u00fameros pr\u00eamios e brindes. <br \/>Um exclusivo ranking onde todas as vit\u00f3rias dentro de eventos oficiais s\u00e3o contabilizadas, funcionando como uma temporada de outros grandes jogos competitivos, a cada trimestre esse ranking \u00e9 zerado e coroamos os vencedores, sendo assim, quanto mais voc\u00ea correr em nossa plataforma, maiores as suas chances de premia\u00e7\u00f5es. <br \/>Al\u00e9m disso, o ranking tamb\u00e9m serve para igualar o n\u00edvel dos pilotos em campeonatos ranqueados, dessa forma voc\u00eas nunca deixar\u00e3o de disputar com pilotos do mesmo n\u00edvel que o de voc\u00eas.<\/p>\n\n\n<figure class=\"wp-block-image\"><img loading=\"lazy\" decoding=\"async\" width=\"2048\" height=\"1152\" src=\"https:\/\/epilotos.com\/site\/wp-content\/uploads\/2018\/08\/Youtube-1.jpg\" alt=\"\" class=\"wp-image-87\" srcset=\"https:\/\/epilotos.com\/site\/wp-content\/uploads\/2018\/08\/Youtube-1.jpg 2048w, https:\/\/epilotos.com\/site\/wp-content\/uploads\/2018\/08\/Youtube-1-300x169.jpg 300w, https:\/\/epilotos.com\/site\/wp-content\/uploads\/2018\/08\/Youtube-1-768x432.jpg 768w, https:\/\/epilotos.com\/site\/wp-content\/uploads\/2018\/08\/Youtube-1-1024x576.jpg 1024w, https:\/\/epilotos.com\/site\/wp-content\/uploads\/2018\/08\/Youtube-1-1280x720.jpg 1280w\" sizes=\"auto, (max-width: 2048px) 100vw, 2048px\" \/><\/figure>\n","protected":false},"excerpt":{"rendered":"<p>A Liga de e-Sports ePilotos, surgiu da ideia de juntar toda a experi\u00eancia adquirida por nosso fundador e seus codiretores em uma \u00fanica plataforma onde o foco seria o profissionalismo e divers\u00e3o em competir. Feita por pilotos para pilotos, nos esfor\u00e7amos para preencher algumas necessidades b\u00e1sicas dos atletas virtuais, como j\u00e1 vivenciamos in\u00fameras situa\u00e7\u00f5es positivas [&hellip;]<\/p>\n","protected":false},"author":1,"featured_media":0,"parent":0,"menu_order":0,"comment_status":"closed","ping_status":"closed","template":"","meta":{"footnotes":""},"class_list":["post-11","page","type-page","status-publish","hentry"],"_links":{"self":[{"href":"https:\/\/epilotos.com\/site\/wp-json\/wp\/v2\/pages\/11","targetHints":{"allow":["GET"]}}],"collection":[{"href":"https:\/\/epilotos.com\/site\/wp-json\/wp\/v2\/pages"}],"about":[{"href":"https:\/\/epilotos.com\/site\/wp-json\/wp\/v2\/types\/page"}],"author":[{"embeddable":true,"href":"https:\/\/epilotos.com\/site\/wp-json\/wp\/v2\/users\/1"}],"replies":[{"embeddable":true,"href":"https:\/\/epilotos.com\/site\/wp-json\/wp\/v2\/comments?post=11"}],"version-history":[{"count":5,"href":"https:\/\/epilotos.com\/site\/wp-json\/wp\/v2\/pages\/11\/revisions"}],"predecessor-version":[{"id":89,"href":"https:\/\/epilotos.com\/site\/wp-json\/wp\/v2\/pages\/11\/revisions\/89"}],"wp:attachment":[{"href":"https:\/\/epilotos.com\/site\/wp-json\/wp\/v2\/media?parent=11"}],"curies":[{"name":"wp","href":"https:\/\/api.w.org\/{rel}","templated":true}]}}